{"id":2896,"date":"2025-01-23T15:03:27","date_gmt":"2025-01-23T08:03:27","guid":{"rendered":"https:\/\/in-credible.digital\/contacts\/"},"modified":"2025-04-03T19:32:57","modified_gmt":"2025-04-03T12:32:57","slug":"contact","status":"publish","type":"page","link":"https:\/\/in-credible.digital\/en\/contact\/","title":{"rendered":"Contact"},"content":{"rendered":"\t\t<div data-elementor-type=\"wp-page\" data-elementor-id=\"2896\" class=\"elementor elementor-2896 elementor-470\" data-elementor-post-type=\"page\">\n\t\t\t\t\t\t<section class=\"elementor-section elementor-top-section elementor-element elementor-element-25e833d5 elementor-section-boxed elementor-section-height-default elementor-section-height-default\" data-id=\"25e833d5\" data-element_type=\"section\" data-e-type=\"section\">\n\t\t\t\t\t\t<div class=\"elementor-container elementor-column-gap-default\">\n\t\t\t\t\t<div class=\"elementor-column elementor-col-100 elementor-top-column elementor-element elementor-element-51c73e8d\" data-id=\"51c73e8d\" data-element_type=\"column\" data-e-type=\"column\">\n\t\t\t<div class=\"elementor-widget-wrap elementor-element-populated\">\n\t\t\t\t\t\t<div class=\"elementor-element elementor-element-417011a7 elementor-widget elementor-widget-heading\" data-id=\"417011a7\" data-element_type=\"widget\" data-e-type=\"widget\" data-widget_type=\"heading.default\">\n\t\t\t\t<div class=\"elementor-widget-container\">\n\t\t\t\t\t<h1 class=\"elementor-heading-title elementor-size-default\">Contact<\/h1>\t\t\t\t<\/div>\n\t\t\t\t<\/div>\n\t\t\t\t<div class=\"elementor-element elementor-element-46e9fd0 elementor-widget elementor-widget-image\" data-id=\"46e9fd0\" data-element_type=\"widget\" data-e-type=\"widget\" data-widget_type=\"image.default\">\n\t\t\t\t<div class=\"elementor-widget-container\">\n\t\t\t\t\t\t\t\t\t\t\t\t\t\t\t<img fetchpriority=\"high\" decoding=\"async\" width=\"800\" height=\"600\" src=\"https:\/\/in-credible.digital\/wp-content\/uploads\/2024\/09\/Vietnam-office_In-Credible-scaled.jpeg\" class=\"attachment-large size-large wp-image-1287\" alt=\"In-Credible office in Vietnam\" srcset=\"https:\/\/in-credible.digital\/wp-content\/uploads\/2024\/09\/Vietnam-office_In-Credible-scaled.jpeg 2560w, https:\/\/in-credible.digital\/wp-content\/uploads\/2024\/09\/Vietnam-office_In-Credible-300x225.jpeg 300w\" sizes=\"(max-width: 800px) 100vw, 800px\" \/>\t\t\t\t\t\t\t\t\t\t\t\t\t\t\t<\/div>\n\t\t\t\t<\/div>\n\t\t\t\t<div class=\"elementor-element elementor-element-3bcca78 elementor-tabs-view-horizontal elementor-widget elementor-widget-tabs\" data-id=\"3bcca78\" data-element_type=\"widget\" data-e-type=\"widget\" data-widget_type=\"tabs.default\">\n\t\t\t\t<div class=\"elementor-widget-container\">\n\t\t\t\t\t\t\t<div class=\"elementor-tabs\">\n\t\t\t<div class=\"elementor-tabs-wrapper\" role=\"tablist\" >\n\t\t\t\t\t\t\t\t\t<div id=\"elementor-tab-title-6271\" class=\"elementor-tab-title elementor-tab-desktop-title\" aria-selected=\"true\" data-tab=\"1\" role=\"tab\" tabindex=\"0\" aria-controls=\"elementor-tab-content-6271\" aria-expanded=\"false\">Vietnam Office <\/div>\n\t\t\t\t\t\t\t\t\t<div id=\"elementor-tab-title-6272\" class=\"elementor-tab-title elementor-tab-desktop-title\" aria-selected=\"false\" data-tab=\"2\" role=\"tab\" tabindex=\"-1\" aria-controls=\"elementor-tab-content-6272\" aria-expanded=\"false\">Vietnam-Based Manufacturing<\/div>\n\t\t\t\t\t\t\t<\/div>\n\t\t\t<div class=\"elementor-tabs-content-wrapper\" role=\"tablist\" aria-orientation=\"vertical\">\n\t\t\t\t\t\t\t\t\t<div class=\"elementor-tab-title elementor-tab-mobile-title\" aria-selected=\"true\" data-tab=\"1\" role=\"tab\" tabindex=\"0\" aria-controls=\"elementor-tab-content-6271\" aria-expanded=\"false\">Vietnam Office <\/div>\n\t\t\t\t\t<div id=\"elementor-tab-content-6271\" class=\"elementor-tab-content elementor-clearfix\" data-tab=\"1\" role=\"tabpanel\" aria-labelledby=\"elementor-tab-title-6271\" tabindex=\"0\" hidden=\"false\">\t\t<div data-elementor-type=\"section\" data-elementor-id=\"1482\" class=\"elementor elementor-1482\" data-elementor-post-type=\"elementor_library\">\n\t\t\t\t\t<section class=\"elementor-section elementor-top-section elementor-element elementor-element-409b420 elementor-section-full_width elementor-section-height-default elementor-section-height-default\" data-id=\"409b420\" data-element_type=\"section\" data-e-type=\"section\">\n\t\t\t\t\t\t<div class=\"elementor-container elementor-column-gap-default\">\n\t\t\t\t\t<div class=\"elementor-column elementor-col-100 elementor-top-column elementor-element elementor-element-303f5fa\" data-id=\"303f5fa\" data-element_type=\"column\" data-e-type=\"column\">\n\t\t\t<div class=\"elementor-widget-wrap elementor-element-populated\">\n\t\t\t\t\t\t<div class=\"elementor-element elementor-element-732622b elementor-widget elementor-widget-text-editor\" data-id=\"732622b\" data-element_type=\"widget\" data-e-type=\"widget\" data-widget_type=\"text-editor.default\">\n\t\t\t\t<div class=\"elementor-widget-container\">\n\t\t\t\t\t\t\t\t\t<p>Our office is conveniently located just a 15-minute drive from Ho Chi Minh City&#8217;s bustling downtown and a mere 10 minutes from Tan Son Nhat International Airport. This inviting space serves as our hub for designing innovative fashion models and prints. We collaborate with clients from around the globe, offering a platform for training in garment decoration techniques and mass production methods. Additionally, we host educational workshops and seminars where we share our expertise and knowledge in the apparel manufacturing industry.<\/p><p>We strive to create a comfortable environment for our clients, partners, and employees. We believe that fostering a cozy and productive atmosphere is key to achieving new heights in creating innovative and high-quality prints and products. Our goal extends beyond mere production; we aim to infuse our work with passion, ensuring that each product brings joy and satisfaction to our customers.<\/p><p>We are proud that our office has become a meeting point for fashion and print industry professionals from all corners of the world. If you are interested in visiting our office or collaborating with us, we warmly welcome new individuals eager to contribute to the industry&#8217;s growth.<\/p>\t\t\t\t\t\t\t\t<\/div>\n\t\t\t\t<\/div>\n\t\t\t\t<div class=\"elementor-element elementor-element-9045f3d elementor-widget elementor-widget-heading\" data-id=\"9045f3d\" data-element_type=\"widget\" data-e-type=\"widget\" data-widget_type=\"heading.default\">\n\t\t\t\t<div class=\"elementor-widget-container\">\n\t\t\t\t\t<h6 class=\"elementor-heading-title elementor-size-default\">Contact Information: <\/h6>\t\t\t\t<\/div>\n\t\t\t\t<\/div>\n\t\t\t\t<section class=\"elementor-section elementor-inner-section elementor-element elementor-element-5a1d9e4 elementor-section-full_width elementor-section-height-default elementor-section-height-default\" data-id=\"5a1d9e4\" data-element_type=\"section\" data-e-type=\"section\">\n\t\t\t\t\t\t<div class=\"elementor-container elementor-column-gap-default\">\n\t\t\t\t\t<div class=\"elementor-column elementor-col-50 elementor-inner-column elementor-element elementor-element-1f4cb24\" data-id=\"1f4cb24\" data-element_type=\"column\" data-e-type=\"column\">\n\t\t\t<div class=\"elementor-widget-wrap elementor-element-populated\">\n\t\t\t\t\t\t<div class=\"elementor-element elementor-element-8b6f7ee elementor-widget elementor-widget-text-editor\" data-id=\"8b6f7ee\" data-element_type=\"widget\" data-e-type=\"widget\" data-widget_type=\"text-editor.default\">\n\t\t\t\t<div class=\"elementor-widget-container\">\n\t\t\t\t\t\t\t\t\t<ul><li><strong>Address<\/strong>: 22 Nguyen Thai Hoc Street, Tan Thanh Ward, Tan Phu District, Ho Chi Minh City, Vietnam<\/li><li><strong>Tax Identification Number<\/strong>: 0317790082<\/li><li><strong>Email<\/strong>: info@in-credible.digital<\/li><li><strong>Tel<\/strong>: +84 (77) 501-85-03<\/li><\/ul>\t\t\t\t\t\t\t\t<\/div>\n\t\t\t\t<\/div>\n\t\t\t\t\t<\/div>\n\t\t<\/div>\n\t\t\t\t<div class=\"elementor-column elementor-col-50 elementor-inner-column elementor-element elementor-element-b3e17e4\" data-id=\"b3e17e4\" data-element_type=\"column\" data-e-type=\"column\">\n\t\t\t<div class=\"elementor-widget-wrap elementor-element-populated\">\n\t\t\t\t\t\t<div class=\"elementor-element elementor-element-e24a3ba elementor-widget__width-initial elementor-widget elementor-widget-image\" data-id=\"e24a3ba\" data-element_type=\"widget\" data-e-type=\"widget\" data-widget_type=\"image.default\">\n\t\t\t\t<div class=\"elementor-widget-container\">\n\t\t\t\t\t\t\t\t\t\t\t\t\t\t\t<img decoding=\"async\" width=\"300\" height=\"300\" src=\"https:\/\/in-credible.digital\/wp-content\/uploads\/2024\/11\/In-Credible-WHATSAPP-300x300.jpg\" class=\"attachment-medium size-medium wp-image-1470\" alt=\"Contact us in Whatsapp\" srcset=\"https:\/\/in-credible.digital\/wp-content\/uploads\/2024\/11\/In-Credible-WHATSAPP-300x300.jpg 300w, https:\/\/in-credible.digital\/wp-content\/uploads\/2024\/11\/In-Credible-WHATSAPP-150x150.jpg 150w, https:\/\/in-credible.digital\/wp-content\/uploads\/2024\/11\/In-Credible-WHATSAPP.jpg 355w\" sizes=\"(max-width: 300px) 100vw, 300px\" \/>\t\t\t\t\t\t\t\t\t\t\t\t\t\t\t<\/div>\n\t\t\t\t<\/div>\n\t\t\t\t<div class=\"elementor-element elementor-element-2a434ee elementor-widget__width-initial elementor-widget elementor-widget-image\" data-id=\"2a434ee\" data-element_type=\"widget\" data-e-type=\"widget\" data-widget_type=\"image.default\">\n\t\t\t\t<div class=\"elementor-widget-container\">\n\t\t\t\t\t\t\t\t\t\t\t\t\t\t\t<img decoding=\"async\" width=\"249\" height=\"248\" src=\"https:\/\/in-credible.digital\/wp-content\/uploads\/2024\/09\/QRZalo.png\" class=\"attachment-medium size-medium wp-image-1284\" alt=\"Contact us in Zalo\" srcset=\"https:\/\/in-credible.digital\/wp-content\/uploads\/2024\/09\/QRZalo.png 249w, https:\/\/in-credible.digital\/wp-content\/uploads\/2024\/09\/QRZalo-150x150.png 150w\" sizes=\"(max-width: 249px) 100vw, 249px\" \/>\t\t\t\t\t\t\t\t\t\t\t\t\t\t\t<\/div>\n\t\t\t\t<\/div>\n\t\t\t\t\t<\/div>\n\t\t<\/div>\n\t\t\t\t\t<\/div>\n\t\t<\/section>\n\t\t\t\t<div class=\"elementor-element elementor-element-15f21de elementor-widget elementor-widget-google_maps\" data-id=\"15f21de\" data-element_type=\"widget\" data-e-type=\"widget\" data-widget_type=\"google_maps.default\">\n\t\t\t\t<div class=\"elementor-widget-container\">\n\t\t\t\t\t\t\t<div class=\"elementor-custom-embed\">\n\t\t\t<iframe loading=\"lazy\"\n\t\t\t\t\tsrc=\"https:\/\/maps.google.com\/maps?q=22%20Nguy%E1%BB%85n%20Th%C3%A1i%20H%E1%BB%8Dc%2C%20T%C3%A2n%20Th%C3%A0nh%2C%20T%C3%A2n%20Ph%C3%BA%2C%20H%E1%BB%93%20Ch%C3%AD%20Minh%2C%20%D0%92%D1%8C%D0%B5%D1%82%D0%BD%D0%B0%D0%BC&#038;t=m&#038;z=15&#038;output=embed&#038;iwloc=near\"\n\t\t\t\t\ttitle=\"22 Nguy\u1ec5n Th\u00e1i H\u1ecdc, T\u00e2n Th\u00e0nh, T\u00e2n Ph\u00fa, H\u1ed3 Ch\u00ed Minh, \u0412\u044c\u0435\u0442\u043d\u0430\u043c\"\n\t\t\t\t\taria-label=\"22 Nguy\u1ec5n Th\u00e1i H\u1ecdc, T\u00e2n Th\u00e0nh, T\u00e2n Ph\u00fa, H\u1ed3 Ch\u00ed Minh, \u0412\u044c\u0435\u0442\u043d\u0430\u043c\"\n\t\t\t><\/iframe>\n\t\t<\/div>\n\t\t\t\t\t\t<\/div>\n\t\t\t\t<\/div>\n\t\t\t\t\t<\/div>\n\t\t<\/div>\n\t\t\t\t\t<\/div>\n\t\t<\/section>\n\t\t\t\t<\/div>\n\t\t<\/div>\n\t\t\t\t\t\t\t\t\t<div class=\"elementor-tab-title elementor-tab-mobile-title\" aria-selected=\"false\" data-tab=\"2\" role=\"tab\" tabindex=\"-1\" aria-controls=\"elementor-tab-content-6272\" aria-expanded=\"false\">Vietnam-Based Manufacturing<\/div>\n\t\t\t\t\t<div id=\"elementor-tab-content-6272\" class=\"elementor-tab-content elementor-clearfix\" data-tab=\"2\" role=\"tabpanel\" aria-labelledby=\"elementor-tab-title-6272\" tabindex=\"0\" hidden=\"hidden\"><p>Leveraging advanced printing technologies and state-of-the-art equipment, our production facility ensures superior quality and timely delivery. Committed to continuous improvement and innovation, we are dedicated to meeting the evolving needs of our clients. With extensive experience in mass apparel production and garment printing, we offer a comprehensive range of services and guarantee the highest level of professionalism.<\/p><p>Address: 45 Pham Van Sang Street, Xuan Thoi Thuong Ward, Hoc Mon District, Ho Chi Minh City, Vietnam.<\/p><\/div>\n\t\t\t\t\t\t\t<\/div>\n\t\t<\/div>\n\t\t\t\t\t\t<\/div>\n\t\t\t\t<\/div>\n\t\t\t\t\t<\/div>\n\t\t<\/div>\n\t\t\t\t\t<\/div>\n\t\t<\/section>\n\t\t\t\t<\/div>\n\t\t","protected":false},"excerpt":{"rendered":"<p>Contact Vietnam Office Vietnam-Based Manufacturing Vietnam Office Our office is conveniently located just a 15-minute drive from Ho Chi Minh City\u2019s bustling downtown and a mere 10 minutes from Tan Son Nhat International Airport. This inviting space serves as our hub for designing innovative fashion models and prints. We collaborate with clients from around the [&hellip;]<\/p>\n","protected":false},"author":2,"featured_media":0,"parent":0,"menu_order":0,"comment_status":"closed","ping_status":"closed","template":"","meta":{"footnotes":""},"class_list":["post-2896","page","type-page","status-publish","hentry"],"yoast_head":"<!-- This site is optimized with the Yoast SEO Premium plugin v24.7 (Yoast SEO v27.3) - https:\/\/yoast.com\/product\/yoast-seo-premium-wordpress\/ -->\n<title>Contact In-Credible - Apparel Manufacturing &amp; Printing<\/title>\n<meta name=\"description\" content=\"Get in touch with In-Credible for premium apparel manufacturing, printing, and custom garment solutions. Reach out for inquiries and partnerships.\" \/>\n<meta name=\"robots\" content=\"index, follow, max-snippet:-1, max-image-preview:large, max-video-preview:-1\" \/>\n<link rel=\"canonical\" href=\"https:\/\/in-credible.digital\/en\/contact\/\" \/>\n<meta property=\"og:locale\" content=\"en_US\" \/>\n<meta property=\"og:type\" content=\"article\" \/>\n<meta property=\"og:title\" content=\"Contact In-Credible - Apparel Manufacturing &amp; Printing\" \/>\n<meta property=\"og:description\" content=\"Get in touch with In-Credible for premium apparel manufacturing, printing, and custom garment solutions. Reach out for inquiries and partnerships.\" \/>\n<meta property=\"og:url\" content=\"https:\/\/in-credible.digital\/en\/contact\/\" \/>\n<meta property=\"og:site_name\" content=\"In-Credible\" \/>\n<meta property=\"article:publisher\" content=\"https:\/\/www.facebook.com\/InCredible.Printing.VN\" \/>\n<meta property=\"article:modified_time\" content=\"2025-04-03T12:32:57+00:00\" \/>\n<meta property=\"og:image\" content=\"https:\/\/in-credible.digital\/wp-content\/uploads\/2024\/09\/Vietnam-office_In-Credible-scaled.jpeg\" \/>\n<meta name=\"twitter:card\" content=\"summary_large_image\" \/>\n<meta name=\"twitter:title\" content=\"Contact In-Credible - Apparel Manufacturing &amp; Printing\" \/>\n<meta name=\"twitter:description\" content=\"Get in touch with In-Credible for premium apparel manufacturing, printing, and custom garment solutions. Reach out for inquiries and partnerships.\" \/>\n<meta name=\"twitter:label1\" content=\"Est. reading time\" \/>\n\t<meta name=\"twitter:data1\" content=\"2 minutes\" \/>\n<script type=\"application\/ld+json\" class=\"yoast-schema-graph\">{\"@context\":\"https:\\\/\\\/schema.org\",\"@graph\":[{\"@type\":\"WebPage\",\"@id\":\"https:\\\/\\\/in-credible.digital\\\/en\\\/contact\\\/\",\"url\":\"https:\\\/\\\/in-credible.digital\\\/en\\\/contact\\\/\",\"name\":\"Contact In-Credible - Apparel Manufacturing & Printing\",\"isPartOf\":{\"@id\":\"https:\\\/\\\/in-credible.digital\\\/en\\\/#website\"},\"primaryImageOfPage\":{\"@id\":\"https:\\\/\\\/in-credible.digital\\\/en\\\/contact\\\/#primaryimage\"},\"image\":{\"@id\":\"https:\\\/\\\/in-credible.digital\\\/en\\\/contact\\\/#primaryimage\"},\"thumbnailUrl\":\"https:\\\/\\\/in-credible.digital\\\/wp-content\\\/uploads\\\/2024\\\/09\\\/Vietnam-office_In-Credible-scaled.jpeg\",\"datePublished\":\"2025-01-23T08:03:27+00:00\",\"dateModified\":\"2025-04-03T12:32:57+00:00\",\"description\":\"Get in touch with In-Credible for premium apparel manufacturing, printing, and custom garment solutions. Reach out for inquiries and partnerships.\",\"breadcrumb\":{\"@id\":\"https:\\\/\\\/in-credible.digital\\\/en\\\/contact\\\/#breadcrumb\"},\"inLanguage\":\"en-US\",\"potentialAction\":[{\"@type\":\"ReadAction\",\"target\":[\"https:\\\/\\\/in-credible.digital\\\/en\\\/contact\\\/\"]}]},{\"@type\":\"ImageObject\",\"inLanguage\":\"en-US\",\"@id\":\"https:\\\/\\\/in-credible.digital\\\/en\\\/contact\\\/#primaryimage\",\"url\":\"https:\\\/\\\/in-credible.digital\\\/wp-content\\\/uploads\\\/2024\\\/09\\\/Vietnam-office_In-Credible-scaled.jpeg\",\"contentUrl\":\"https:\\\/\\\/in-credible.digital\\\/wp-content\\\/uploads\\\/2024\\\/09\\\/Vietnam-office_In-Credible-scaled.jpeg\"},{\"@type\":\"BreadcrumbList\",\"@id\":\"https:\\\/\\\/in-credible.digital\\\/en\\\/contact\\\/#breadcrumb\",\"itemListElement\":[{\"@type\":\"ListItem\",\"position\":1,\"name\":\"Garment Decoration and Manufacturing\",\"item\":\"https:\\\/\\\/in-credible.digital\\\/en\\\/\"},{\"@type\":\"ListItem\",\"position\":2,\"name\":\"Contact\"}]},{\"@type\":\"WebSite\",\"@id\":\"https:\\\/\\\/in-credible.digital\\\/en\\\/#website\",\"url\":\"https:\\\/\\\/in-credible.digital\\\/en\\\/\",\"name\":\"In-Credible\",\"description\":\"Garment Decoration and Manufacturing\",\"publisher\":{\"@id\":\"https:\\\/\\\/in-credible.digital\\\/en\\\/#organization\"},\"potentialAction\":[{\"@type\":\"SearchAction\",\"target\":{\"@type\":\"EntryPoint\",\"urlTemplate\":\"https:\\\/\\\/in-credible.digital\\\/en\\\/?s={search_term_string}\"},\"query-input\":{\"@type\":\"PropertyValueSpecification\",\"valueRequired\":true,\"valueName\":\"search_term_string\"}}],\"inLanguage\":\"en-US\"},{\"@type\":[\"Organization\",\"Place\"],\"@id\":\"https:\\\/\\\/in-credible.digital\\\/en\\\/#organization\",\"name\":\"In-Credible Company Limited\",\"alternateName\":\"In-Credible\",\"url\":\"https:\\\/\\\/in-credible.digital\\\/en\\\/\",\"logo\":{\"@type\":\"ImageObject\",\"inLanguage\":\"en-US\",\"@id\":\"https:\\\/\\\/in-credible.digital\\\/en\\\/#\\\/schema\\\/logo\\\/image\\\/\",\"url\":\"https:\\\/\\\/in-credible.digital\\\/wp-content\\\/uploads\\\/2024\\\/05\\\/In-Credible-850x850-1.png\",\"contentUrl\":\"https:\\\/\\\/in-credible.digital\\\/wp-content\\\/uploads\\\/2024\\\/05\\\/In-Credible-850x850-1.png\",\"width\":850,\"height\":850,\"caption\":\"In-Credible Company Limited\"},\"image\":{\"@id\":\"https:\\\/\\\/in-credible.digital\\\/en\\\/#\\\/schema\\\/logo\\\/image\\\/\"},\"sameAs\":[\"https:\\\/\\\/www.facebook.com\\\/InCredible.Printing.VN\"],\"description\":\"In-Credible: \u041f\u0435\u0447\u0430\u0442\u044c \u043d\u0430 \u043e\u0434\u0435\u0436\u0434\u0435 \u0438 \u0442\u043a\u0430\u043d\u0438 \u0438 \u043f\u0440\u043e\u0438\u0437\u0432\u043e\u0434\u0441\u0442\u0432\u043e \u0442\u0440\u0438\u043a\u043e\u0442\u0430\u0436\u043d\u044b\u0445 \u0438\u0437\u0434\u0435\u043b\u0438\u0439\",\"legalName\":\"In-Credible Company Limited\",\"foundingDate\":\"2024-04-17\",\"numberOfEmployees\":{\"@type\":\"QuantitativeValue\",\"minValue\":\"11\",\"maxValue\":\"50\"},\"mainEntityOfPage\":{\"@id\":\"https:\\\/\\\/in-credible.digital\\\/en\\\/contact\\\/\"}}]}<\/script>\n<!-- \/ Yoast SEO Premium plugin. -->","yoast_head_json":{"title":"Contact In-Credible - Apparel Manufacturing & Printing","description":"Get in touch with In-Credible for premium apparel manufacturing, printing, and custom garment solutions. Reach out for inquiries and partnerships.","robots":{"index":"index","follow":"follow","max-snippet":"max-snippet:-1","max-image-preview":"max-image-preview:large","max-video-preview":"max-video-preview:-1"},"canonical":"https:\/\/in-credible.digital\/en\/contact\/","og_locale":"en_US","og_type":"article","og_title":"Contact In-Credible - Apparel Manufacturing & Printing","og_description":"Get in touch with In-Credible for premium apparel manufacturing, printing, and custom garment solutions. Reach out for inquiries and partnerships.","og_url":"https:\/\/in-credible.digital\/en\/contact\/","og_site_name":"In-Credible","article_publisher":"https:\/\/www.facebook.com\/InCredible.Printing.VN","article_modified_time":"2025-04-03T12:32:57+00:00","og_image":[{"url":"https:\/\/in-credible.digital\/wp-content\/uploads\/2024\/09\/Vietnam-office_In-Credible-scaled.jpeg","type":"","width":"","height":""}],"twitter_card":"summary_large_image","twitter_title":"Contact In-Credible - Apparel Manufacturing & Printing","twitter_description":"Get in touch with In-Credible for premium apparel manufacturing, printing, and custom garment solutions. Reach out for inquiries and partnerships.","twitter_misc":{"Est. reading time":"2 minutes"},"schema":{"@context":"https:\/\/schema.org","@graph":[{"@type":"WebPage","@id":"https:\/\/in-credible.digital\/en\/contact\/","url":"https:\/\/in-credible.digital\/en\/contact\/","name":"Contact In-Credible - Apparel Manufacturing & Printing","isPartOf":{"@id":"https:\/\/in-credible.digital\/en\/#website"},"primaryImageOfPage":{"@id":"https:\/\/in-credible.digital\/en\/contact\/#primaryimage"},"image":{"@id":"https:\/\/in-credible.digital\/en\/contact\/#primaryimage"},"thumbnailUrl":"https:\/\/in-credible.digital\/wp-content\/uploads\/2024\/09\/Vietnam-office_In-Credible-scaled.jpeg","datePublished":"2025-01-23T08:03:27+00:00","dateModified":"2025-04-03T12:32:57+00:00","description":"Get in touch with In-Credible for premium apparel manufacturing, printing, and custom garment solutions. Reach out for inquiries and partnerships.","breadcrumb":{"@id":"https:\/\/in-credible.digital\/en\/contact\/#breadcrumb"},"inLanguage":"en-US","potentialAction":[{"@type":"ReadAction","target":["https:\/\/in-credible.digital\/en\/contact\/"]}]},{"@type":"ImageObject","inLanguage":"en-US","@id":"https:\/\/in-credible.digital\/en\/contact\/#primaryimage","url":"https:\/\/in-credible.digital\/wp-content\/uploads\/2024\/09\/Vietnam-office_In-Credible-scaled.jpeg","contentUrl":"https:\/\/in-credible.digital\/wp-content\/uploads\/2024\/09\/Vietnam-office_In-Credible-scaled.jpeg"},{"@type":"BreadcrumbList","@id":"https:\/\/in-credible.digital\/en\/contact\/#breadcrumb","itemListElement":[{"@type":"ListItem","position":1,"name":"Garment Decoration and Manufacturing","item":"https:\/\/in-credible.digital\/en\/"},{"@type":"ListItem","position":2,"name":"Contact"}]},{"@type":"WebSite","@id":"https:\/\/in-credible.digital\/en\/#website","url":"https:\/\/in-credible.digital\/en\/","name":"In-Credible","description":"Garment Decoration and Manufacturing","publisher":{"@id":"https:\/\/in-credible.digital\/en\/#organization"},"potentialAction":[{"@type":"SearchAction","target":{"@type":"EntryPoint","urlTemplate":"https:\/\/in-credible.digital\/en\/?s={search_term_string}"},"query-input":{"@type":"PropertyValueSpecification","valueRequired":true,"valueName":"search_term_string"}}],"inLanguage":"en-US"},{"@type":["Organization","Place"],"@id":"https:\/\/in-credible.digital\/en\/#organization","name":"In-Credible Company Limited","alternateName":"In-Credible","url":"https:\/\/in-credible.digital\/en\/","logo":{"@type":"ImageObject","inLanguage":"en-US","@id":"https:\/\/in-credible.digital\/en\/#\/schema\/logo\/image\/","url":"https:\/\/in-credible.digital\/wp-content\/uploads\/2024\/05\/In-Credible-850x850-1.png","contentUrl":"https:\/\/in-credible.digital\/wp-content\/uploads\/2024\/05\/In-Credible-850x850-1.png","width":850,"height":850,"caption":"In-Credible Company Limited"},"image":{"@id":"https:\/\/in-credible.digital\/en\/#\/schema\/logo\/image\/"},"sameAs":["https:\/\/www.facebook.com\/InCredible.Printing.VN"],"description":"In-Credible: \u041f\u0435\u0447\u0430\u0442\u044c \u043d\u0430 \u043e\u0434\u0435\u0436\u0434\u0435 \u0438 \u0442\u043a\u0430\u043d\u0438 \u0438 \u043f\u0440\u043e\u0438\u0437\u0432\u043e\u0434\u0441\u0442\u0432\u043e \u0442\u0440\u0438\u043a\u043e\u0442\u0430\u0436\u043d\u044b\u0445 \u0438\u0437\u0434\u0435\u043b\u0438\u0439","legalName":"In-Credible Company Limited","foundingDate":"2024-04-17","numberOfEmployees":{"@type":"QuantitativeValue","minValue":"11","maxValue":"50"},"mainEntityOfPage":{"@id":"https:\/\/in-credible.digital\/en\/contact\/"}}]}},"_links":{"self":[{"href":"https:\/\/in-credible.digital\/en\/wp-json\/wp\/v2\/pages\/2896","targetHints":{"allow":["GET"]}}],"collection":[{"href":"https:\/\/in-credible.digital\/en\/wp-json\/wp\/v2\/pages"}],"about":[{"href":"https:\/\/in-credible.digital\/en\/wp-json\/wp\/v2\/types\/page"}],"author":[{"embeddable":true,"href":"https:\/\/in-credible.digital\/en\/wp-json\/wp\/v2\/users\/2"}],"replies":[{"embeddable":true,"href":"https:\/\/in-credible.digital\/en\/wp-json\/wp\/v2\/comments?post=2896"}],"version-history":[{"count":16,"href":"https:\/\/in-credible.digital\/en\/wp-json\/wp\/v2\/pages\/2896\/revisions"}],"predecessor-version":[{"id":3646,"href":"https:\/\/in-credible.digital\/en\/wp-json\/wp\/v2\/pages\/2896\/revisions\/3646"}],"wp:attachment":[{"href":"https:\/\/in-credible.digital\/en\/wp-json\/wp\/v2\/media?parent=2896"}],"curies":[{"name":"wp","href":"https:\/\/api.w.org\/{rel}","templated":true}]}}